{"id":1591,"date":"2024-11-24T12:22:30","date_gmt":"2024-11-24T10:22:30","guid":{"rendered":"https:\/\/huxleykeskus.ee\/?page_id=1591"},"modified":"2026-02-20T16:33:03","modified_gmt":"2026-02-20T14:33:03","slug":"koduleht","status":"publish","type":"page","link":"https:\/\/huxleykeskus.ee\/en\/","title":{"rendered":""},"content":{"rendered":"<div data-elementor-type=\"wp-page\" data-elementor-id=\"1591\" class=\"elementor elementor-1591\">\n\t\t\t\t<div class=\"elementor-element elementor-element-53633f5 e-flex e-con-boxed e-con e-parent\" data-id=\"53633f5\" data-element_type=\"container\" data-settings=\"{&quot;background_background&quot;:&quot;classic&quot;}\">\n\t\t\t\t\t<div class=\"e-con-inner\">\n\t\t\t\t<div class=\"elementor-element elementor-element-a3d48ea elementor-widget elementor-widget-heading\" data-id=\"a3d48ea\" data-element_type=\"widget\" data-widget_type=\"heading.default\">\n\t\t\t\t<div class=\"elementor-widget-container\">\n\t\t\t\t\t<h1 class=\"elementor-heading-title elementor-size-default\"><font color=\"#041e41\"><span>Aldous Huxley Centre in Tallinn&nbsp;<\/span><\/font><\/h1>\t\t\t\t<\/div>\n\t\t\t\t<\/div>\n\t\t\t\t\t<\/div>\n\t\t\t\t<\/div>\n\t\t<div class=\"elementor-element elementor-element-393b396 e-flex e-con-boxed e-con e-parent\" data-id=\"393b396\" data-element_type=\"container\" data-settings=\"{&quot;background_background&quot;:&quot;classic&quot;}\">\n\t\t\t\t\t<div class=\"e-con-inner\">\n\t\t\t\t<div class=\"elementor-element elementor-element-69a66f0 elementor-widget elementor-widget-text-editor\" data-id=\"69a66f0\" data-element_type=\"widget\" data-widget_type=\"text-editor.default\">\n\t\t\t\t<div class=\"elementor-widget-container\">\n\t\t\t\t\t\t\t\t\t<p>The Centre's purpose is to make sense of a rapidly changing world, to articulate a new kind of worldview, and to\npromote free thought in the spirit of Aldous Huxley.\u00a0<\/p>\t\t\t\t\t\t\t\t<\/div>\n\t\t\t\t<\/div>\n\t\t\t\t\t<\/div>\n\t\t\t\t<\/div>\n\t\t<div class=\"elementor-element elementor-element-d182116 e-grid e-con-boxed e-con e-parent\" data-id=\"d182116\" data-element_type=\"container\">\n\t\t\t\t\t<div class=\"e-con-inner\">\n\t\t\t\t<div class=\"elementor-element elementor-element-73f85d2 elementor-widget elementor-widget-image\" data-id=\"73f85d2\" data-element_type=\"widget\" data-widget_type=\"image.default\">\n\t\t\t\t<div class=\"elementor-widget-container\">\n\t\t\t\t\t\t\t\t\t\t\t\t\t\t\t<img fetchpriority=\"high\" decoding=\"async\" width=\"169\" height=\"300\" src=\"https:\/\/huxleykeskus.ee\/wp-content\/uploads\/2024\/12\/1-2-169x300.png\" class=\"attachment-medium size-medium wp-image-2329\" alt=\"\" srcset=\"https:\/\/huxleykeskus.ee\/wp-content\/uploads\/2024\/12\/1-2-169x300.png 169w, https:\/\/huxleykeskus.ee\/wp-content\/uploads\/2024\/12\/1-2-576x1024.png 576w, https:\/\/huxleykeskus.ee\/wp-content\/uploads\/2024\/12\/1-2-768x1365.png 768w, https:\/\/huxleykeskus.ee\/wp-content\/uploads\/2024\/12\/1-2-864x1536.png 864w, https:\/\/huxleykeskus.ee\/wp-content\/uploads\/2024\/12\/1-2.png 1080w\" sizes=\"(max-width: 169px) 100vw, 169px\" \/>\t\t\t\t\t\t\t\t\t\t\t\t\t\t\t<\/div>\n\t\t\t\t<\/div>\n\t\t\t\t<div class=\"elementor-element elementor-element-e41f5b7 elementor-widget elementor-widget-image\" data-id=\"e41f5b7\" data-element_type=\"widget\" data-widget_type=\"image.default\">\n\t\t\t\t<div class=\"elementor-widget-container\">\n\t\t\t\t\t\t\t\t\t\t\t\t\t\t\t<img decoding=\"async\" width=\"203\" height=\"300\" src=\"https:\/\/huxleykeskus.ee\/wp-content\/uploads\/2024\/12\/aldous-huxley-2665140-1b1b01d044c3464e955af162f5467ba7-203x300.jpg\" class=\"attachment-medium size-medium wp-image-2330\" alt=\"\" srcset=\"https:\/\/huxleykeskus.ee\/wp-content\/uploads\/2024\/12\/aldous-huxley-2665140-1b1b01d044c3464e955af162f5467ba7-203x300.jpg 203w, https:\/\/huxleykeskus.ee\/wp-content\/uploads\/2024\/12\/aldous-huxley-2665140-1b1b01d044c3464e955af162f5467ba7-693x1024.jpg 693w, https:\/\/huxleykeskus.ee\/wp-content\/uploads\/2024\/12\/aldous-huxley-2665140-1b1b01d044c3464e955af162f5467ba7-768x1134.jpg 768w, https:\/\/huxleykeskus.ee\/wp-content\/uploads\/2024\/12\/aldous-huxley-2665140-1b1b01d044c3464e955af162f5467ba7-1040x1536.jpg 1040w, https:\/\/huxleykeskus.ee\/wp-content\/uploads\/2024\/12\/aldous-huxley-2665140-1b1b01d044c3464e955af162f5467ba7-1387x2048.jpg 1387w, https:\/\/huxleykeskus.ee\/wp-content\/uploads\/2024\/12\/aldous-huxley-2665140-1b1b01d044c3464e955af162f5467ba7.jpg 1500w\" sizes=\"(max-width: 203px) 100vw, 203px\" \/>\t\t\t\t\t\t\t\t\t\t\t\t\t\t\t<\/div>\n\t\t\t\t<\/div>\n\t\t\t\t<div class=\"elementor-element elementor-element-38608b6 elementor-widget elementor-widget-image\" data-id=\"38608b6\" data-element_type=\"widget\" data-widget_type=\"image.default\">\n\t\t\t\t<div class=\"elementor-widget-container\">\n\t\t\t\t\t\t\t\t\t\t\t\t\t\t\t<img decoding=\"async\" width=\"203\" height=\"300\" src=\"https:\/\/huxleykeskus.ee\/wp-content\/uploads\/2024\/12\/2-4-203x300.png\" class=\"attachment-medium size-medium wp-image-2341\" alt=\"\" srcset=\"https:\/\/huxleykeskus.ee\/wp-content\/uploads\/2024\/12\/2-4-203x300.png 203w, https:\/\/huxleykeskus.ee\/wp-content\/uploads\/2024\/12\/2-4-693x1024.png 693w, https:\/\/huxleykeskus.ee\/wp-content\/uploads\/2024\/12\/2-4-768x1134.png 768w, https:\/\/huxleykeskus.ee\/wp-content\/uploads\/2024\/12\/2-4-1040x1536.png 1040w, https:\/\/huxleykeskus.ee\/wp-content\/uploads\/2024\/12\/2-4-1387x2048.png 1387w, https:\/\/huxleykeskus.ee\/wp-content\/uploads\/2024\/12\/2-4.png 1500w\" sizes=\"(max-width: 203px) 100vw, 203px\" \/>\t\t\t\t\t\t\t\t\t\t\t\t\t\t\t<\/div>\n\t\t\t\t<\/div>\n\t\t\t\t<div class=\"elementor-element elementor-element-3c861ac elementor-widget elementor-widget-image\" data-id=\"3c861ac\" data-element_type=\"widget\" data-widget_type=\"image.default\">\n\t\t\t\t<div class=\"elementor-widget-container\">\n\t\t\t\t\t\t\t\t\t\t\t\t\t\t\t<img loading=\"lazy\" decoding=\"async\" width=\"200\" height=\"300\" src=\"https:\/\/huxleykeskus.ee\/wp-content\/uploads\/2024\/12\/IMG_9718-200x300.jpg\" class=\"attachment-medium size-medium wp-image-2332\" alt=\"\" srcset=\"https:\/\/huxleykeskus.ee\/wp-content\/uploads\/2024\/12\/IMG_9718-200x300.jpg 200w, https:\/\/huxleykeskus.ee\/wp-content\/uploads\/2024\/12\/IMG_9718-683x1024.jpg 683w, https:\/\/huxleykeskus.ee\/wp-content\/uploads\/2024\/12\/IMG_9718-768x1152.jpg 768w, https:\/\/huxleykeskus.ee\/wp-content\/uploads\/2024\/12\/IMG_9718-1024x1536.jpg 1024w, https:\/\/huxleykeskus.ee\/wp-content\/uploads\/2024\/12\/IMG_9718-1365x2048.jpg 1365w, https:\/\/huxleykeskus.ee\/wp-content\/uploads\/2024\/12\/IMG_9718-scaled.jpg 1707w\" sizes=\"(max-width: 200px) 100vw, 200px\" \/>\t\t\t\t\t\t\t\t\t\t\t\t\t\t\t<\/div>\n\t\t\t\t<\/div>\n\t\t\t\t<div class=\"elementor-element elementor-element-75c65e3 elementor-widget elementor-widget-image\" data-id=\"75c65e3\" data-element_type=\"widget\" data-widget_type=\"image.default\">\n\t\t\t\t<div class=\"elementor-widget-container\">\n\t\t\t\t\t\t\t\t\t\t\t\t\t\t\t<img loading=\"lazy\" decoding=\"async\" width=\"169\" height=\"300\" src=\"https:\/\/huxleykeskus.ee\/wp-content\/uploads\/2024\/12\/2-3-169x300.png\" class=\"attachment-medium size-medium wp-image-2331\" alt=\"\" srcset=\"https:\/\/huxleykeskus.ee\/wp-content\/uploads\/2024\/12\/2-3-169x300.png 169w, https:\/\/huxleykeskus.ee\/wp-content\/uploads\/2024\/12\/2-3-576x1024.png 576w, https:\/\/huxleykeskus.ee\/wp-content\/uploads\/2024\/12\/2-3-768x1365.png 768w, https:\/\/huxleykeskus.ee\/wp-content\/uploads\/2024\/12\/2-3-864x1536.png 864w, https:\/\/huxleykeskus.ee\/wp-content\/uploads\/2024\/12\/2-3.png 1080w\" sizes=\"(max-width: 169px) 100vw, 169px\" \/>\t\t\t\t\t\t\t\t\t\t\t\t\t\t\t<\/div>\n\t\t\t\t<\/div>\n\t\t\t\t\t<\/div>\n\t\t\t\t<\/div>\n\t\t<div class=\"elementor-element elementor-element-2d5f6d0 e-flex e-con-boxed e-con e-parent\" data-id=\"2d5f6d0\" data-element_type=\"container\">\n\t\t\t\t\t<div class=\"e-con-inner\">\n\t\t\t\t<div class=\"elementor-element elementor-element-7072554 elementor-widget elementor-widget-heading\" data-id=\"7072554\" data-element_type=\"widget\" data-widget_type=\"heading.default\">\n\t\t\t\t<div class=\"elementor-widget-container\">\n\t\t\t\t\t<h2 class=\"elementor-heading-title elementor-size-default\"><br><br><span style=\"font-weight: normal\"><i>\"We are all geniuses until the age of ten.\"<\/i><\/span><br>Aldous Huxley<br><br><br><\/h2>\t\t\t\t<\/div>\n\t\t\t\t<\/div>\n\t\t\t\t\t<\/div>\n\t\t\t\t<\/div>\n\t\t<div class=\"elementor-element elementor-element-e99e1f0 e-flex e-con-boxed e-con e-parent\" data-id=\"e99e1f0\" data-element_type=\"container\">\n\t\t\t\t\t<div class=\"e-con-inner\">\n\t\t\t\t\t<\/div>\n\t\t\t\t<\/div>\n\t\t<div class=\"elementor-element elementor-element-16fc803 e-flex e-con-boxed e-con e-parent\" data-id=\"16fc803\" data-element_type=\"container\">\n\t\t\t\t\t<div class=\"e-con-inner\">\n\t\t\t\t<div class=\"elementor-element elementor-element-8fff72d elementor-widget__width-initial elementor-widget elementor-widget-image\" data-id=\"8fff72d\" data-element_type=\"widget\" data-widget_type=\"image.default\">\n\t\t\t\t<div class=\"elementor-widget-container\">\n\t\t\t\t\t\t\t\t\t\t\t\t\t\t\t<img loading=\"lazy\" decoding=\"async\" width=\"1024\" height=\"985\" src=\"https:\/\/huxleykeskus.ee\/wp-content\/uploads\/2024\/12\/uus-scaled-e1734424791623-1024x985.jpg\" class=\"attachment-large size-large wp-image-2800\" alt=\"\" srcset=\"https:\/\/huxleykeskus.ee\/wp-content\/uploads\/2024\/12\/uus-scaled-e1734424791623-1024x985.jpg 1024w, https:\/\/huxleykeskus.ee\/wp-content\/uploads\/2024\/12\/uus-scaled-e1734424791623-300x289.jpg 300w, https:\/\/huxleykeskus.ee\/wp-content\/uploads\/2024\/12\/uus-scaled-e1734424791623-768x739.jpg 768w, https:\/\/huxleykeskus.ee\/wp-content\/uploads\/2024\/12\/uus-scaled-e1734424791623-1536x1477.jpg 1536w, https:\/\/huxleykeskus.ee\/wp-content\/uploads\/2024\/12\/uus-scaled-e1734424791623.jpg 1775w\" sizes=\"(max-width: 1024px) 100vw, 1024px\" \/>\t\t\t\t\t\t\t\t\t\t\t\t\t\t\t<\/div>\n\t\t\t\t<\/div>\n\t\t<div class=\"elementor-element elementor-element-c24d08b e-con-full e-flex e-con e-child\" data-id=\"c24d08b\" data-element_type=\"container\">\n\t\t\t\t<div class=\"elementor-element elementor-element-b9e118b elementor-widget elementor-widget-heading\" data-id=\"b9e118b\" data-element_type=\"widget\" data-widget_type=\"heading.default\">\n\t\t\t\t<div class=\"elementor-widget-container\">\n\t\t\t\t\t<h4 class=\"elementor-heading-title elementor-size-default\"><span style=\"font-weight: normal\"><i>\"We bring young people closer to art and literature.\"&nbsp;\n<\/i><\/span><br><br>\nKaie Metsla, Member of the Aldous Huxley Centre<\/h4>\t\t\t\t<\/div>\n\t\t\t\t<\/div>\n\t\t\t\t<\/div>\n\t\t\t\t\t<\/div>\n\t\t\t\t<\/div>\n\t\t<div class=\"elementor-element elementor-element-8f82338 e-flex e-con-boxed e-con e-parent\" data-id=\"8f82338\" data-element_type=\"container\">\n\t\t\t\t\t<div class=\"e-con-inner\">\n\t\t\t\t\t<\/div>\n\t\t\t\t<\/div>\n\t\t<div class=\"elementor-element elementor-element-d090fc7 e-grid e-con-boxed e-con e-parent\" data-id=\"d090fc7\" data-element_type=\"container\">\n\t\t\t\t\t<div class=\"e-con-inner\">\n\t\t\t\t<div class=\"elementor-element elementor-element-510c615 elementor-widget elementor-widget-heading\" data-id=\"510c615\" data-element_type=\"widget\" data-widget_type=\"heading.default\">\n\t\t\t\t<div class=\"elementor-widget-container\">\n\t\t\t\t\t<h4 class=\"elementor-heading-title elementor-size-default\"><span style=\"font-weight: normal\">Aldous Huxley's literary work can be discovered simply out of curiosity and the joy of reading. For example, Huxley's novel <em>Point Counter Point<\/em> is a true masterpiece of modernism. But there is more to it than that. Among the writers of the\nfirst half of the 20th century, there were two authors whose visions of the future have endured and taken on a life of their\nown. George Orwell's <em>1984<\/em> depicts a society of coercive surveillance. Huxley's scenario is a degree gentler: it foresees\na society in which people have gradually given up their freedom in exchange for every kind of benefit and pleasure. The\nWestern world today, including Estonia, seems to be marching more in the direction indicated by Huxley than by Orwell.\nThis makes Huxley a rather distinctive writer. <\/span> \n<br><br>\nTiit Aleksejev, Member of the Aldous Huxley Centre<\/h4>\t\t\t\t<\/div>\n\t\t\t\t<\/div>\n\t\t\t\t<div class=\"elementor-element elementor-element-dfa8dee elementor-widget elementor-widget-image\" data-id=\"dfa8dee\" data-element_type=\"widget\" data-widget_type=\"image.default\">\n\t\t\t\t<div class=\"elementor-widget-container\">\n\t\t\t\t\t\t\t\t\t\t\t\t\t\t\t<img loading=\"lazy\" decoding=\"async\" width=\"1024\" height=\"1005\" src=\"https:\/\/huxleykeskus.ee\/wp-content\/uploads\/2024\/12\/IMG_0195-2-scaled-e1734424223772-1024x1005.jpg\" class=\"attachment-large size-large wp-image-2735\" alt=\"\" srcset=\"https:\/\/huxleykeskus.ee\/wp-content\/uploads\/2024\/12\/IMG_0195-2-scaled-e1734424223772-1024x1005.jpg 1024w, https:\/\/huxleykeskus.ee\/wp-content\/uploads\/2024\/12\/IMG_0195-2-scaled-e1734424223772-300x294.jpg 300w, https:\/\/huxleykeskus.ee\/wp-content\/uploads\/2024\/12\/IMG_0195-2-scaled-e1734424223772-768x753.jpg 768w, https:\/\/huxleykeskus.ee\/wp-content\/uploads\/2024\/12\/IMG_0195-2-scaled-e1734424223772-1536x1507.jpg 1536w, https:\/\/huxleykeskus.ee\/wp-content\/uploads\/2024\/12\/IMG_0195-2-scaled-e1734424223772.jpg 1740w\" sizes=\"(max-width: 1024px) 100vw, 1024px\" \/>\t\t\t\t\t\t\t\t\t\t\t\t\t\t\t<\/div>\n\t\t\t\t<\/div>\n\t\t\t\t\t<\/div>\n\t\t\t\t<\/div>\n\t\t<div class=\"elementor-element elementor-element-8a4e80f e-flex e-con-boxed e-con e-parent\" data-id=\"8a4e80f\" data-element_type=\"container\">\n\t\t\t\t\t<div class=\"e-con-inner\">\n\t\t\t\t<div class=\"elementor-element elementor-element-8a6cea2 elementor-widget elementor-widget-heading\" data-id=\"8a6cea2\" data-element_type=\"widget\" data-widget_type=\"heading.default\">\n\t\t\t\t<div class=\"elementor-widget-container\">\n\t\t\t\t\t<h2 class=\"elementor-heading-title elementor-size-default\">\n\n <\/h2>\t\t\t\t<\/div>\n\t\t\t\t<\/div>\n\t\t\t\t\t<\/div>\n\t\t\t\t<\/div>\n\t\t<div class=\"elementor-element elementor-element-2ca8098 e-flex e-con-boxed e-con e-parent\" data-id=\"2ca8098\" data-element_type=\"container\">\n\t\t\t\t\t<div class=\"e-con-inner\">\n\t\t\t\t<div class=\"elementor-element elementor-element-bcae5dc elementor-widget elementor-widget-heading\" data-id=\"bcae5dc\" data-element_type=\"widget\" data-widget_type=\"heading.default\">\n\t\t\t\t<div class=\"elementor-widget-container\">\n\t\t\t\t\t<h1 class=\"elementor-heading-title elementor-size-default\">Events<\/h1>\t\t\t\t<\/div>\n\t\t\t\t<\/div>\n\t\t\t\t\t<\/div>\n\t\t\t\t<\/div>\n\t\t<div class=\"elementor-element elementor-element-f94288c e-flex e-con-boxed e-con e-parent\" data-id=\"f94288c\" data-element_type=\"container\">\n\t\t\t\t\t<div class=\"e-con-inner\">\n\t\t\t\t<div class=\"elementor-element elementor-element-6c7efb6 elementor-position-top elementor-widget elementor-widget-image-box\" data-id=\"6c7efb6\" data-element_type=\"widget\" data-widget_type=\"image-box.default\">\n\t\t\t\t<div class=\"elementor-widget-container\">\n\t\t\t\t\t<div class=\"elementor-image-box-wrapper\"><figure class=\"elementor-image-box-img\"><img loading=\"lazy\" decoding=\"async\" width=\"1290\" height=\"798\" src=\"https:\/\/huxleykeskus.ee\/wp-content\/uploads\/2025\/01\/Huxley-esseekonkurss-2025.png\" class=\"attachment-full size-full wp-image-2891\" alt=\"\" srcset=\"https:\/\/huxleykeskus.ee\/wp-content\/uploads\/2025\/01\/Huxley-esseekonkurss-2025.png 1290w, https:\/\/huxleykeskus.ee\/wp-content\/uploads\/2025\/01\/Huxley-esseekonkurss-2025-300x186.png 300w, https:\/\/huxleykeskus.ee\/wp-content\/uploads\/2025\/01\/Huxley-esseekonkurss-2025-1024x633.png 1024w, https:\/\/huxleykeskus.ee\/wp-content\/uploads\/2025\/01\/Huxley-esseekonkurss-2025-768x475.png 768w\" sizes=\"(max-width: 1290px) 100vw, 1290px\" \/><\/figure><div class=\"elementor-image-box-content\"><h3 class=\"elementor-image-box-title\">Essay Competition 2025<\/h3><\/div><\/div>\t\t\t\t<\/div>\n\t\t\t\t<\/div>\n\t\t\t\t<div class=\"elementor-element elementor-element-7d579dd elementor-widget elementor-widget-heading\" data-id=\"7d579dd\" data-element_type=\"widget\" data-widget_type=\"heading.default\">\n\t\t\t\t<div class=\"elementor-widget-container\">\n\t\t\t\t\t<h4 class=\"elementor-heading-title elementor-size-default\"><span style=\"font-weight: normal\">The International Aldous Huxley Centre in Tallinn invites young people up to the age of 25 to submit their thoughts and\ninsights to the essay competition \"Crisis and a Way Out\".\n<br>\n<br>\n<em>\"The fundamental problem of the 21st century is ecological.\"\nAldous Huxley<\/em>\n<br><\/span><br><span style=\"font-weight: normal\">\n\nHuxley's work can be a starting point for writing \u2013 for setting out on a path and putting into words what feels important in\ntoday's and tomorrow's world.\n<br><br>\nAldous Huxley (1894-1963) was one of the most versatile authors of the 20th century. He is usually seen as a\nrepresentative of utopian and dystopian genres; he is less often analysed from the perspective of nature and ecology.\nYet in Island, written at a time when ecological awareness was lower than it is today, Huxley wrote prophetic words:\n<em>\"One must never let a child get the impression that anything exists in isolation. From the very beginning, it must be made\nclear that all living nature is interconnected.\nShow them the relationships and connections in the forest, in the fields, in ponds and rivers, in the village and in the\ncountryside around it. Rub it in... We are allowed to live on this planet only so long as we treat all nature with\ncompassion and with intelligence.\"<\/em>\n<br><br><\/span>The essay deadline is 31 March 2025,<span style=\"font-weight: normal\"> and essays should be sent to huxley@ebs.ee. Texts up to 2,000 words are\nwelcome, and the winner will be awarded EUR 1,500.\n\n<\/span><\/h4>\t\t\t\t<\/div>\n\t\t\t\t<\/div>\n\t\t<div class=\"elementor-element elementor-element-3f67fd9 e-con-full e-flex e-con e-child\" data-id=\"3f67fd9\" data-element_type=\"container\">\n\t\t\t\t<div class=\"elementor-element elementor-element-50b0593 elementor-position-top elementor-widget elementor-widget-image-box\" data-id=\"50b0593\" data-element_type=\"widget\" data-widget_type=\"image-box.default\">\n\t\t\t\t<div class=\"elementor-widget-container\">\n\t\t\t\t\t<div class=\"elementor-image-box-wrapper\"><figure class=\"elementor-image-box-img\"><img loading=\"lazy\" decoding=\"async\" width=\"1276\" height=\"726\" src=\"https:\/\/huxleykeskus.ee\/wp-content\/uploads\/2024\/11\/Screenshot-2024-11-25-at-15.31.20.png\" class=\"attachment-full size-full wp-image-1813\" alt=\"\" srcset=\"https:\/\/huxleykeskus.ee\/wp-content\/uploads\/2024\/11\/Screenshot-2024-11-25-at-15.31.20.png 1276w, https:\/\/huxleykeskus.ee\/wp-content\/uploads\/2024\/11\/Screenshot-2024-11-25-at-15.31.20-300x171.png 300w, https:\/\/huxleykeskus.ee\/wp-content\/uploads\/2024\/11\/Screenshot-2024-11-25-at-15.31.20-1024x583.png 1024w, https:\/\/huxleykeskus.ee\/wp-content\/uploads\/2024\/11\/Screenshot-2024-11-25-at-15.31.20-768x437.png 768w\" sizes=\"(max-width: 1276px) 100vw, 1276px\" \/><\/figure><div class=\"elementor-image-box-content\"><h3 class=\"elementor-image-box-title\"><h3 style=\"--theme-font-weight: 700;--theme-font-size: 30px;--theme-line-height: 1.5;font-style: normal;font-weight: var(--theme-font-weight);font-size: var(--theme-font-size);line-height: var(--theme-line-height);letter-spacing: normal;text-transform: none;margin-block-end: calc(var(--has-theme-content-spacing, 1)*(.3em + 10px))\">Aldous Huxley Conference \"If the Unthinkable Happens\" \u2013 24 May 2024<span style=\"color: var(--theme-heading-color, var(--theme-heading-3-color, var(--theme-headings-color)));font-family: var(--theme-font-family);font-size: var(--theme-font-size);font-style: var(--theme-font-style, inherit);font-weight: var(--theme-font-weight);letter-spacing: var(--theme-letter-spacing);text-transform: var(--theme-text-transform)\"><\/span><\/h3><\/h3><\/div><\/div>\t\t\t\t<\/div>\n\t\t\t\t<\/div>\n\t\t\t\t<div class=\"elementor-element elementor-element-ceb88f4 elementor-widget elementor-widget-heading\" data-id=\"ceb88f4\" data-element_type=\"widget\" data-widget_type=\"heading.default\">\n\t\t\t\t<div class=\"elementor-widget-container\">\n\t\t\t\t\t<h4 class=\"elementor-heading-title elementor-size-default\"><h4 data-elementor-setting-key=\"title\" data-pen-placeholder=\"Type Here...\" style=\"--theme-font-weight: 700;--theme-font-size: 25px;--theme-line-height: 1.5;font-style: normal;font-weight: var(--theme-font-weight);font-size: var(--theme-font-size);letter-spacing: normal;text-transform: none;margin-block-end: calc(var(--has-theme-content-spacing, 1)*(.3em + 10px))\"><span style=\"font-weight: normal\">The conference featured talks by prominent international guests Paul Kingsnorth, Robin Hull, and Ville-Juhani Sutinen.\nOur leading cultural thinker and translator, M\u00e4rt V\u00e4ljataga, represented Estonia.<\/span><br><br><span style=\"font-weight: normal\">\nIn recent years, the world has changed beyond recognition. It can be compared to a chariot racing through crises and\nshocks. Together, we looked for answers: how resilient is this vehicle, and what forces must it withstand? The answers\nconcern us all. Quite a few of Aldous Huxley's views have proven prophetic by now. At the conference, we examined in\ngreater depth the spiritual legacy of one of the 20th century's most mysterious authors, from political, cultural, and\necological perspectives.\nWith a gaze directed forward.<\/span><span style=\"color: var(--theme-heading-color, var(--theme-heading-4-color, var(--theme-headings-color)));font-size: var(--theme-font-size);font-style: var(--theme-font-style, inherit);font-weight: var(--theme-font-weight);letter-spacing: var(--theme-letter-spacing);text-transform: var(--theme-text-transform)\"><\/span><\/h4><\/h4>\t\t\t\t<\/div>\n\t\t\t\t<\/div>\n\t\t\t\t<div class=\"elementor-element elementor-element-96c9621 elementor-align-center elementor-widget elementor-widget-button\" data-id=\"96c9621\" data-element_type=\"widget\" data-widget_type=\"button.default\">\n\t\t\t\t<div class=\"elementor-widget-container\">\n\t\t\t\t\t\t\t\t\t<div class=\"elementor-button-wrapper\">\n\t\t\t\t\t<a class=\"elementor-button elementor-button-link elementor-size-sm\" href=\"https:\/\/www.youtube.com\/watch?v=mMrzUGKgIQI\">\n\t\t\t\t\t\t<span class=\"elementor-button-content-wrapper\">\n\t\t\t\t\t\t\t\t\t<span class=\"elementor-button-text\">Recording on YouTube<\/span>\n\t\t\t\t\t<\/span>\n\t\t\t\t\t<\/a>\n\t\t\t\t<\/div>\n\t\t\t\t\t\t\t\t<\/div>\n\t\t\t\t<\/div>\n\t\t\t\t<\/div>\n\t\t\t\t\t<\/div>\n\t\t\t\t<\/div>\n\t\t\t\t<\/div>","protected":false},"excerpt":{"rendered":"<p>Aldous Huxley Keskus Tallinnas&nbsp; Keskuse eesm\u00e4rgiks on kiiresti muutuva maailma m\u00f5testamine, uut t\u00fc\u00fcpi maailmavaate s\u00f5nastamine ja vaba m\u00f5tte edendamine Aldous Huxley vaimus.\u00a0 &#8220;Me oleme k\u00f5ik geeniused kuni k\u00fcmnenda eluaastani.&#8221;Aldous Huxley \u201cToome noori kunsti ja kirjanduse juurde.\u201d&nbsp; Kaie Metsla, Aldous Huxley Keskuse liige Aldous Huxley kirjanduslikku loomingut v\u00f5ib avastada ainu\u00fcksi uudishimust ja lugemisr\u00f5\u00f5must. Nii on Huxley [&hellip;]<\/p>\n","protected":false},"author":1,"featured_media":0,"parent":0,"menu_order":0,"comment_status":"closed","ping_status":"closed","template":"","meta":{"footnotes":""},"class_list":["post-1591","page","type-page","status-publish","hentry"],"blocksy_meta":[],"_links":{"self":[{"href":"https:\/\/huxleykeskus.ee\/en\/wp-json\/wp\/v2\/pages\/1591","targetHints":{"allow":["GET"]}}],"collection":[{"href":"https:\/\/huxleykeskus.ee\/en\/wp-json\/wp\/v2\/pages"}],"about":[{"href":"https:\/\/huxleykeskus.ee\/en\/wp-json\/wp\/v2\/types\/page"}],"author":[{"embeddable":true,"href":"https:\/\/huxleykeskus.ee\/en\/wp-json\/wp\/v2\/users\/1"}],"replies":[{"embeddable":true,"href":"https:\/\/huxleykeskus.ee\/en\/wp-json\/wp\/v2\/comments?post=1591"}],"version-history":[{"count":369,"href":"https:\/\/huxleykeskus.ee\/en\/wp-json\/wp\/v2\/pages\/1591\/revisions"}],"predecessor-version":[{"id":2939,"href":"https:\/\/huxleykeskus.ee\/en\/wp-json\/wp\/v2\/pages\/1591\/revisions\/2939"}],"wp:attachment":[{"href":"https:\/\/huxleykeskus.ee\/en\/wp-json\/wp\/v2\/media?parent=1591"}],"curies":[{"name":"wp","href":"https:\/\/api.w.org\/{rel}","templated":true}]}}