{"id":1593,"date":"2024-11-24T12:22:30","date_gmt":"2024-11-24T10:22:30","guid":{"rendered":"https:\/\/huxleykeskus.ee\/?page_id=1593"},"modified":"2026-02-20T16:20:24","modified_gmt":"2026-02-20T14:20:24","slug":"lasteklubi","status":"publish","type":"page","link":"https:\/\/huxleykeskus.ee\/en\/lasteklubi\/","title":{"rendered":"Children's Club"},"content":{"rendered":"<div data-elementor-type=\"wp-page\" data-elementor-id=\"1593\" class=\"elementor elementor-1593\">\n\t\t\t\t<div class=\"elementor-element elementor-element-c96dfa3 e-flex e-con-boxed e-con e-parent\" data-id=\"c96dfa3\" data-element_type=\"container\">\n\t\t\t\t\t<div class=\"e-con-inner\">\n\t\t<div class=\"elementor-element elementor-element-13150b2 e-con-full e-flex e-con e-child\" data-id=\"13150b2\" data-element_type=\"container\">\n\t\t\t\t<div class=\"elementor-element elementor-element-417773f elementor-widget elementor-widget-heading\" data-id=\"417773f\" data-element_type=\"widget\" data-widget_type=\"heading.default\">\n\t\t\t\t<div class=\"elementor-widget-container\">\n\t\t\t\t\t<h3 class=\"elementor-heading-title elementor-size-default\"><span style=\"font-weight: normal\"><i>\"It is only with the heart that one can see clearly; what is essential is invisible to the eye.\"<br><\/i>\n<br>\n<\/span><b>Antoine de Saint-Exup\u00e9ry <\/b><\/h3>\t\t\t\t<\/div>\n\t\t\t\t<\/div>\n\t\t\t\t<\/div>\n\t\t<div class=\"elementor-element elementor-element-a9e47ae e-con-full e-flex e-con e-child\" data-id=\"a9e47ae\" data-element_type=\"container\">\n\t\t\t\t<div class=\"elementor-element elementor-element-c368820 elementor-widget elementor-widget-image\" data-id=\"c368820\" data-element_type=\"widget\" data-widget_type=\"image.default\">\n\t\t\t\t<div class=\"elementor-widget-container\">\n\t\t\t\t\t\t\t\t\t\t\t\t\t\t\t<img fetchpriority=\"high\" decoding=\"async\" width=\"1024\" height=\"662\" src=\"https:\/\/huxleykeskus.ee\/wp-content\/uploads\/2024\/12\/IMG_8859-1-scaled-e1733653015434-1024x662.jpeg\" class=\"attachment-large size-large wp-image-2573\" alt=\"\" srcset=\"https:\/\/huxleykeskus.ee\/wp-content\/uploads\/2024\/12\/IMG_8859-1-scaled-e1733653015434-1024x662.jpeg 1024w, https:\/\/huxleykeskus.ee\/wp-content\/uploads\/2024\/12\/IMG_8859-1-scaled-e1733653015434-300x194.jpeg 300w, https:\/\/huxleykeskus.ee\/wp-content\/uploads\/2024\/12\/IMG_8859-1-scaled-e1733653015434-768x497.jpeg 768w, https:\/\/huxleykeskus.ee\/wp-content\/uploads\/2024\/12\/IMG_8859-1-scaled-e1733653015434-1536x994.jpeg 1536w, https:\/\/huxleykeskus.ee\/wp-content\/uploads\/2024\/12\/IMG_8859-1-scaled-e1733653015434.jpeg 1920w\" sizes=\"(max-width: 1024px) 100vw, 1024px\" \/>\t\t\t\t\t\t\t\t\t\t\t\t\t\t\t<\/div>\n\t\t\t\t<\/div>\n\t\t\t\t<\/div>\n\t\t\t\t\t<\/div>\n\t\t\t\t<\/div>\n\t\t<div class=\"elementor-element elementor-element-45cad0e e-flex e-con-boxed e-con e-parent\" data-id=\"45cad0e\" data-element_type=\"container\">\n\t\t\t\t\t<div class=\"e-con-inner\">\n\t\t\t\t\t<\/div>\n\t\t\t\t<\/div>\n\t\t<div class=\"elementor-element elementor-element-5dd1775 e-flex e-con-boxed e-con e-parent\" data-id=\"5dd1775\" data-element_type=\"container\">\n\t\t\t\t\t<div class=\"e-con-inner\">\n\t\t\t\t<div class=\"elementor-element elementor-element-f53f067 elementor-widget elementor-widget-heading\" data-id=\"f53f067\" data-element_type=\"widget\" data-widget_type=\"heading.default\">\n\t\t\t\t<div class=\"elementor-widget-container\">\n\t\t\t\t\t<h4 class=\"elementor-heading-title elementor-size-default\"><br><br>The Aldous Huxley Centre's children's philosophy, literature, and art club <span style=\"font-weight: normal\">for children aged 7-14 began in autumn 2024.\nThe club activities aim to encourage children to read books, paint, and express their thoughts, thereby developing\ncooperation between different senses. We meet in a small, friendly group in the fifth-floor atrium space of Estonian\nBusiness School. The entire activity is voluntary and conducted on site with the children. There is no homework and no\nobligation to read a book.\nWe meet to learn to act together and help one another \u2013 so that we enjoy it and so that something good is born from it:\nchildren's joy in their own creation.<br>\n<br>\nDuring one season, we meet eight times and discuss one book. Together, we think and discuss what the author wants\nto tell us, what feelings the text evokes, and what philosophical questions it raises. We converse and interpret what we\nhave heard through hands-on activity. The club instructor is Kaie Metsla, who also conducts small, simple painting\nexercises with the children. By the end of each session, pastel or watercolour paintings are created. We conclude the\nseason with the children's joint painting exhibition.\nThe first book whose meaning we sought together was <\/span><span style=\"font-weight:normal\"><strong>Antoine de Saint-Exup\u00e9ry's<\/strong> <strong><em>The Little Prince<\/em><\/strong>. It was followed by <strong><em>Alice in Wonderland<\/em><\/strong> by <strong>Lewis Carroll<\/strong>, <strong><em>Winnie the Pooh<\/em><\/strong> by <strong>A.A. Milne<\/strong> and <strong><em>The Hobbit<\/em><\/strong> by <strong>J.R.R. Tolkien<\/strong>.<\/span><br><\/h4>\t\t\t\t<\/div>\n\t\t\t\t<\/div>\n\t\t\t\t\t<\/div>\n\t\t\t\t<\/div>\n\t\t\t\t<\/div>","protected":false},"excerpt":{"rendered":"<p>\u201eSelgelt n\u00e4ha saab vaid s\u00fcdamega, t\u00e4htsaim on silmale n\u00e4htamatu.\u201c Antoine de Saint-Exup\u00e9ry Aldous Huxley Keskuse laste filosoofia, kirjanduse ja kunstiklubi 7-14 aastastele lastele alustas tegevust 2024. aasta s\u00fcgisel. Klubilise tegevuse eesm\u00e4rk on innustada lapsi raamatuid lugema, maalima ja oma m\u00f5tteid avaldama selleks, et arendada erinevate meelte koost\u00f6\u00f6d. Meie \u00fchistegevus toimub v\u00e4ikeses s\u00f5bralikus seltskonnas Estonian Business [&hellip;]<\/p>\n","protected":false},"author":1,"featured_media":0,"parent":0,"menu_order":0,"comment_status":"closed","ping_status":"closed","template":"","meta":{"footnotes":""},"class_list":["post-1593","page","type-page","status-publish","hentry"],"blocksy_meta":[],"_links":{"self":[{"href":"https:\/\/huxleykeskus.ee\/en\/wp-json\/wp\/v2\/pages\/1593","targetHints":{"allow":["GET"]}}],"collection":[{"href":"https:\/\/huxleykeskus.ee\/en\/wp-json\/wp\/v2\/pages"}],"about":[{"href":"https:\/\/huxleykeskus.ee\/en\/wp-json\/wp\/v2\/types\/page"}],"author":[{"embeddable":true,"href":"https:\/\/huxleykeskus.ee\/en\/wp-json\/wp\/v2\/users\/1"}],"replies":[{"embeddable":true,"href":"https:\/\/huxleykeskus.ee\/en\/wp-json\/wp\/v2\/comments?post=1593"}],"version-history":[{"count":64,"href":"https:\/\/huxleykeskus.ee\/en\/wp-json\/wp\/v2\/pages\/1593\/revisions"}],"predecessor-version":[{"id":2936,"href":"https:\/\/huxleykeskus.ee\/en\/wp-json\/wp\/v2\/pages\/1593\/revisions\/2936"}],"wp:attachment":[{"href":"https:\/\/huxleykeskus.ee\/en\/wp-json\/wp\/v2\/media?parent=1593"}],"curies":[{"name":"wp","href":"https:\/\/api.w.org\/{rel}","templated":true}]}}