{"id":1594,"date":"2024-11-24T12:22:30","date_gmt":"2024-11-24T10:22:30","guid":{"rendered":"https:\/\/huxleykeskus.ee\/?page_id=1594"},"modified":"2024-12-19T20:04:14","modified_gmt":"2024-12-19T18:04:14","slug":"meist","status":"publish","type":"page","link":"https:\/\/huxleykeskus.ee\/en\/meist\/","title":{"rendered":"Members"},"content":{"rendered":"<div data-elementor-type=\"wp-page\" data-elementor-id=\"1594\" class=\"elementor elementor-1594\">\n\t\t\t\t<div class=\"elementor-element elementor-element-0ecb84f e-flex e-con-boxed e-con e-parent\" data-id=\"0ecb84f\" data-element_type=\"container\">\n\t\t\t\t\t<div class=\"e-con-inner\">\n\t\t\t\t<div class=\"elementor-element elementor-element-27ee120 elementor-widget elementor-widget-heading\" data-id=\"27ee120\" data-element_type=\"widget\" data-widget_type=\"heading.default\">\n\t\t\t\t<div class=\"elementor-widget-container\">\n\t\t\t\t\t<h2 class=\"elementor-heading-title elementor-size-default\">Members of the Aldous Huxley Centre<\/h2>\t\t\t\t<\/div>\n\t\t\t\t<\/div>\n\t\t\t\t\t<\/div>\n\t\t\t\t<\/div>\n\t\t<div class=\"elementor-element elementor-element-ef113a2 e-flex e-con-boxed e-con e-parent\" data-id=\"ef113a2\" data-element_type=\"container\">\n\t\t\t\t\t<div class=\"e-con-inner\">\n\t\t<div class=\"elementor-element elementor-element-6c066e5 e-con-full e-flex e-con e-child\" data-id=\"6c066e5\" data-element_type=\"container\">\n\t\t<div class=\"elementor-element elementor-element-99b734b e-con-full e-flex e-con e-child\" data-id=\"99b734b\" data-element_type=\"container\">\n\t\t\t\t<div class=\"elementor-element elementor-element-50e8cd4 elementor-widget elementor-widget-image\" data-id=\"50e8cd4\" data-element_type=\"widget\" data-widget_type=\"image.default\">\n\t\t\t\t<div class=\"elementor-widget-container\">\n\t\t\t\t\t\t\t\t\t\t\t\t<figure class=\"wp-caption\">\n\t\t\t\t\t\t\t\t\t\t<img fetchpriority=\"high\" decoding=\"async\" width=\"1024\" height=\"1024\" src=\"https:\/\/huxleykeskus.ee\/wp-content\/uploads\/2024\/12\/IMG_9394-1024x1024.jpg\" class=\"attachment-large size-large wp-image-2832\" alt=\"\" srcset=\"https:\/\/huxleykeskus.ee\/wp-content\/uploads\/2024\/12\/IMG_9394-1024x1024.jpg 1024w, https:\/\/huxleykeskus.ee\/wp-content\/uploads\/2024\/12\/IMG_9394-300x300.jpg 300w, https:\/\/huxleykeskus.ee\/wp-content\/uploads\/2024\/12\/IMG_9394-150x150.jpg 150w, https:\/\/huxleykeskus.ee\/wp-content\/uploads\/2024\/12\/IMG_9394-768x768.jpg 768w, https:\/\/huxleykeskus.ee\/wp-content\/uploads\/2024\/12\/IMG_9394-1536x1536.jpg 1536w, https:\/\/huxleykeskus.ee\/wp-content\/uploads\/2024\/12\/IMG_9394-2048x2048.jpg 2048w\" sizes=\"(max-width: 1024px) 100vw, 1024px\" \/>\t\t\t\t\t\t\t\t\t\t\t<figcaption class=\"widget-image-caption wp-caption-text\">Photographer Enlil Sonn<\/figcaption>\n\t\t\t\t\t\t\t\t\t\t<\/figure>\n\t\t\t\t\t\t\t\t\t<\/div>\n\t\t\t\t<\/div>\n\t\t\t\t<\/div>\n\t\t<div class=\"elementor-element elementor-element-328fd1f e-con-full e-flex e-con e-child\" data-id=\"328fd1f\" data-element_type=\"container\">\n\t\t\t\t<div class=\"elementor-element elementor-element-0e1416d elementor-widget elementor-widget-heading\" data-id=\"0e1416d\" data-element_type=\"widget\" data-widget_type=\"heading.default\">\n\t\t\t\t<div class=\"elementor-widget-container\">\n\t\t\t\t\t<h4 class=\"elementor-heading-title elementor-size-default\"><a href=\"https:\/\/tiitaleksejev.com\/et\/autorist-2\/\">Tiit Aleksejev\n<br><br>\n<span style=\"font-weight: normal\">I am a writer by profession and a historian by education. The two complement each other. I have written novels, plays,\nand screenplays. More details can be found on my author page: <\/span><u style=\"color: var(--theme-heading-color, var(--theme-heading-4-color, var(--theme-headings-color)));font-size: var(--theme-font-size);font-weight: var(--theme-font-weight);text-align: var(--text-align)\"><span style=\"font-weight: normal\">www.tiitaleksejev.com <\/span><\/u><br><span style=\"color: var(--theme-heading-color, var(--theme-heading-4-color, var(--theme-headings-color)));font-size: var(--theme-font-size);font-weight: var(--theme-font-weight);text-align: var(--text-align)\"><\/span><span style=\"color: var(--theme-heading-color, var(--theme-heading-4-color, var(--theme-headings-color)));font-size: var(--theme-font-size);font-style: var(--theme-font-style, inherit);font-weight: var(--theme-font-weight);letter-spacing: var(--theme-letter-spacing);text-transform: var(--theme-text-transform);text-align: var(--text-align)\"><\/span><br><h4 class=\"elementor-heading-title elementor-size-default elementor-inline-editing pen\" data-elementor-setting-key=\"title\" data-pen-placeholder=\"Type Here...\" style=\"--theme-font-weight: 700;--theme-font-size: 25px;--theme-line-height: 1.5;font-style: normal;font-weight: var(--theme-font-weight);font-size: var(--theme-font-size);letter-spacing: normal;text-transform: none;margin-block-end: calc(var(--has-theme-content-spacing, 1)*(.3em + 10px))\"><\/h4><h4 class=\"elementor-heading-title elementor-size-default elementor-inline-editing pen\" data-elementor-setting-key=\"title\" data-pen-placeholder=\"Type Here...\" style=\"--theme-font-weight: 700;--theme-font-size: 25px;--theme-line-height: 1.5;font-style: normal;font-weight: var(--theme-font-weight);font-size: var(--theme-font-size);letter-spacing: normal;text-transform: none;margin-block-end: calc(var(--has-theme-content-spacing, 1)*(.3em + 10px))\"><span style=\"font-weight: normal\">My worldview has been influenced by an idea from the 1st-2nd century Alexandria: that something is faulty in this world,\nbut we have accepted that wrongness and strive to look convincing. From time to time, however, light shines through the\ncracks \u2013 and those moments are worth seeking.\nThe society we live in also needs a stronger binding agent than general prosperity and the invisible hand of the market.\nOtherwise, we ourselves may become invisible as a people. What we are looking for is right here; it has always been\nhere.<\/span><span style=\"color: var(--theme-heading-color, var(--theme-heading-4-color, var(--theme-headings-color)));font-size: var(--theme-font-size);font-style: var(--theme-font-style, inherit);font-weight: var(--theme-font-weight);letter-spacing: var(--theme-letter-spacing);text-transform: var(--theme-text-transform);text-align: var(--text-align)\"><\/span><\/h4><\/a><\/h4>\t\t\t\t<\/div>\n\t\t\t\t<\/div>\n\t\t\t\t<\/div>\n\t\t\t\t<\/div>\n\t\t\t\t\t<\/div>\n\t\t\t\t<\/div>\n\t\t<div class=\"elementor-element elementor-element-9cd7b65 e-flex e-con-boxed e-con e-parent\" data-id=\"9cd7b65\" data-element_type=\"container\">\n\t\t\t\t\t<div class=\"e-con-inner\">\n\t\t<div class=\"elementor-element elementor-element-e0c7084 e-con-full e-flex e-con e-child\" data-id=\"e0c7084\" data-element_type=\"container\">\n\t\t<div class=\"elementor-element elementor-element-070a9b9 e-con-full e-flex e-con e-child\" data-id=\"070a9b9\" data-element_type=\"container\">\n\t\t\t\t<div class=\"elementor-element elementor-element-a9a9749 elementor-widget elementor-widget-image\" data-id=\"a9a9749\" data-element_type=\"widget\" data-widget_type=\"image.default\">\n\t\t\t\t<div class=\"elementor-widget-container\">\n\t\t\t\t\t\t\t\t\t\t\t\t<figure class=\"wp-caption\">\n\t\t\t\t\t\t\t\t\t\t<img decoding=\"async\" width=\"1024\" height=\"1024\" src=\"https:\/\/huxleykeskus.ee\/wp-content\/uploads\/2024\/12\/IMG_9407-1024x1024.jpg\" class=\"attachment-large size-large wp-image-2833\" alt=\"\" srcset=\"https:\/\/huxleykeskus.ee\/wp-content\/uploads\/2024\/12\/IMG_9407-1024x1024.jpg 1024w, https:\/\/huxleykeskus.ee\/wp-content\/uploads\/2024\/12\/IMG_9407-300x300.jpg 300w, https:\/\/huxleykeskus.ee\/wp-content\/uploads\/2024\/12\/IMG_9407-150x150.jpg 150w, https:\/\/huxleykeskus.ee\/wp-content\/uploads\/2024\/12\/IMG_9407-768x768.jpg 768w, https:\/\/huxleykeskus.ee\/wp-content\/uploads\/2024\/12\/IMG_9407-1536x1536.jpg 1536w, https:\/\/huxleykeskus.ee\/wp-content\/uploads\/2024\/12\/IMG_9407-2048x2048.jpg 2048w\" sizes=\"(max-width: 1024px) 100vw, 1024px\" \/>\t\t\t\t\t\t\t\t\t\t\t<figcaption class=\"widget-image-caption wp-caption-text\">Photographer Enlil Sonn<\/figcaption>\n\t\t\t\t\t\t\t\t\t\t<\/figure>\n\t\t\t\t\t\t\t\t\t<\/div>\n\t\t\t\t<\/div>\n\t\t\t\t<\/div>\n\t\t<div class=\"elementor-element elementor-element-5d778fe e-con-full e-flex e-con e-child\" data-id=\"5d778fe\" data-element_type=\"container\">\n\t\t\t\t<div class=\"elementor-element elementor-element-7b44531 elementor-widget elementor-widget-heading\" data-id=\"7b44531\" data-element_type=\"widget\" data-widget_type=\"heading.default\">\n\t\t\t\t<div class=\"elementor-widget-container\">\n\t\t\t\t\t<h4 class=\"elementor-heading-title elementor-size-default\">Kaie Metsla\n<br>\n<br>\n<span style=\"font-weight: normal\">I graduated from the Faculty of Economics at the University of Tartu and the master's programme at the Estonian\nBusiness School, and I worked in the corporate world for nearly 30 years. Since 2019, I have continually developed my\nskills in art and literature, studying painting at Sally Studio and Aapo Pukk Art School, both in private and group lessons.\nToday I am a member of the Edmund Burke Society and, together with Hardo, I edit the newspaper Tahenduse teejuhid.\nI am also the mother of three children and the driving force behind the Aldous Huxley Centre's children's club.<\/span><\/h4>\t\t\t\t<\/div>\n\t\t\t\t<\/div>\n\t\t\t\t<\/div>\n\t\t\t\t<\/div>\n\t\t\t\t\t<\/div>\n\t\t\t\t<\/div>\n\t\t<div class=\"elementor-element elementor-element-950fb85 e-flex e-con-boxed e-con e-parent\" data-id=\"950fb85\" data-element_type=\"container\">\n\t\t\t\t\t<div class=\"e-con-inner\">\n\t\t<div class=\"elementor-element elementor-element-6021ce3 e-con-full e-flex e-con e-child\" data-id=\"6021ce3\" data-element_type=\"container\">\n\t\t<div class=\"elementor-element elementor-element-d2726e4 e-con-full e-flex e-con e-child\" data-id=\"d2726e4\" data-element_type=\"container\">\n\t\t\t\t<div class=\"elementor-element elementor-element-34a8090 elementor-widget elementor-widget-image\" data-id=\"34a8090\" data-element_type=\"widget\" data-widget_type=\"image.default\">\n\t\t\t\t<div class=\"elementor-widget-container\">\n\t\t\t\t\t\t\t\t\t\t\t\t<figure class=\"wp-caption\">\n\t\t\t\t\t\t\t\t\t\t<img decoding=\"async\" width=\"1024\" height=\"1024\" src=\"https:\/\/huxleykeskus.ee\/wp-content\/uploads\/2024\/12\/IMG_9406-1024x1024.jpg\" class=\"attachment-large size-large wp-image-2834\" alt=\"\" srcset=\"https:\/\/huxleykeskus.ee\/wp-content\/uploads\/2024\/12\/IMG_9406-1024x1024.jpg 1024w, https:\/\/huxleykeskus.ee\/wp-content\/uploads\/2024\/12\/IMG_9406-300x300.jpg 300w, https:\/\/huxleykeskus.ee\/wp-content\/uploads\/2024\/12\/IMG_9406-150x150.jpg 150w, https:\/\/huxleykeskus.ee\/wp-content\/uploads\/2024\/12\/IMG_9406-768x768.jpg 768w, https:\/\/huxleykeskus.ee\/wp-content\/uploads\/2024\/12\/IMG_9406-1536x1536.jpg 1536w, https:\/\/huxleykeskus.ee\/wp-content\/uploads\/2024\/12\/IMG_9406-2048x2048.jpg 2048w\" sizes=\"(max-width: 1024px) 100vw, 1024px\" \/>\t\t\t\t\t\t\t\t\t\t\t<figcaption class=\"widget-image-caption wp-caption-text\">Photographer Enlil Sonn<\/figcaption>\n\t\t\t\t\t\t\t\t\t\t<\/figure>\n\t\t\t\t\t\t\t\t\t<\/div>\n\t\t\t\t<\/div>\n\t\t\t\t<\/div>\n\t\t<div class=\"elementor-element elementor-element-6cb3cf1 e-con-full e-flex e-con e-child\" data-id=\"6cb3cf1\" data-element_type=\"container\">\n\t\t\t\t<div class=\"elementor-element elementor-element-fd303b4 elementor-widget elementor-widget-heading\" data-id=\"fd303b4\" data-element_type=\"widget\" data-widget_type=\"heading.default\">\n\t\t\t\t<div class=\"elementor-widget-container\">\n\t\t\t\t\t<h4 class=\"elementor-heading-title elementor-size-default\">Hardo Pajula<br><br><span style=\"font-weight: normal\">I am a recovering economist. In the summer of 2016, together with my friend and colleague Karmo Kroos, I founded the Edmund Burke Society, which, together with the Estonian Business School, is one of the two founders of the\nInternational Aldous Huxley Centre. Since 2020, I have run the Edmund Burke Society together with Kaie Metsla \u2013 my\npartner in work and in life. Since that same year, we have also published the newspaper T\u00e4henduse teejuhid \u2013 a\nmonthly supplement to Postimees, the largest daily newspaper in Estonia.\n<\/span><\/h4>\t\t\t\t<\/div>\n\t\t\t\t<\/div>\n\t\t\t\t<\/div>\n\t\t\t\t<\/div>\n\t\t\t\t\t<\/div>\n\t\t\t\t<\/div>\n\t\t<div class=\"elementor-element elementor-element-a144ef3 e-flex e-con-boxed e-con e-parent\" data-id=\"a144ef3\" data-element_type=\"container\">\n\t\t\t\t\t<div class=\"e-con-inner\">\n\t\t<div class=\"elementor-element elementor-element-091a313 e-con-full e-flex e-con e-child\" data-id=\"091a313\" data-element_type=\"container\">\n\t\t<div class=\"elementor-element elementor-element-f84734a e-con-full e-flex e-con e-child\" data-id=\"f84734a\" data-element_type=\"container\">\n\t\t\t\t<div class=\"elementor-element elementor-element-306fc78 elementor-widget elementor-widget-image\" data-id=\"306fc78\" data-element_type=\"widget\" data-widget_type=\"image.default\">\n\t\t\t\t<div class=\"elementor-widget-container\">\n\t\t\t\t\t\t\t\t\t\t\t\t<figure class=\"wp-caption\">\n\t\t\t\t\t\t\t\t\t\t<img loading=\"lazy\" decoding=\"async\" width=\"1024\" height=\"1024\" src=\"https:\/\/huxleykeskus.ee\/wp-content\/uploads\/2024\/12\/IMG_9389-1024x1024.jpg\" class=\"attachment-large size-large wp-image-2835\" alt=\"\" srcset=\"https:\/\/huxleykeskus.ee\/wp-content\/uploads\/2024\/12\/IMG_9389-1024x1024.jpg 1024w, https:\/\/huxleykeskus.ee\/wp-content\/uploads\/2024\/12\/IMG_9389-300x300.jpg 300w, https:\/\/huxleykeskus.ee\/wp-content\/uploads\/2024\/12\/IMG_9389-150x150.jpg 150w, https:\/\/huxleykeskus.ee\/wp-content\/uploads\/2024\/12\/IMG_9389-768x768.jpg 768w, https:\/\/huxleykeskus.ee\/wp-content\/uploads\/2024\/12\/IMG_9389-1536x1536.jpg 1536w, https:\/\/huxleykeskus.ee\/wp-content\/uploads\/2024\/12\/IMG_9389-2048x2048.jpg 2048w\" sizes=\"(max-width: 1024px) 100vw, 1024px\" \/>\t\t\t\t\t\t\t\t\t\t\t<figcaption class=\"widget-image-caption wp-caption-text\">Photographer Enlil Sonn<\/figcaption>\n\t\t\t\t\t\t\t\t\t\t<\/figure>\n\t\t\t\t\t\t\t\t\t<\/div>\n\t\t\t\t<\/div>\n\t\t\t\t<\/div>\n\t\t<div class=\"elementor-element elementor-element-6e29a54 e-con-full e-flex e-con e-child\" data-id=\"6e29a54\" data-element_type=\"container\">\n\t\t\t\t<div class=\"elementor-element elementor-element-51ef0c1 elementor-widget elementor-widget-heading\" data-id=\"51ef0c1\" data-element_type=\"widget\" data-widget_type=\"heading.default\">\n\t\t\t\t<div class=\"elementor-widget-container\">\n\t\t\t\t\t<h4 class=\"elementor-heading-title elementor-size-default\">Andreas Veispak<br><br>\n<span style=\"font-weight: normal\">At EBS, I am responsible for research and development, having previously worked in various fields in both the private\nand public sectors (with a focus on industry, environmental topics, and space). I studied history at Oxford and have been\nan admirer of Huxley's work since the age of fifteen.<\/span><\/h4>\t\t\t\t<\/div>\n\t\t\t\t<\/div>\n\t\t\t\t<\/div>\n\t\t\t\t<\/div>\n\t\t\t\t\t<\/div>\n\t\t\t\t<\/div>\n\t\t\t\t<\/div>","protected":false},"excerpt":{"rendered":"<p>Aldous Huxley Keskuse liikmed Fotograaf Enlil Sonn Tiit Aleksejev Ma olen kirjanik, kes on hariduselt ajaloolane. Need kaks t\u00e4iendavad teineteist. Olen kirjutanud romaane, n\u00e4idendeid ja stsenaariume. T\u00e4psemalt v\u00f5ib vaadata autorilehelt www.tiitaleksejev.com Minu maailmavaadet on m\u00f5jutanud 1.- 2. sajandi Aleksandriast p\u00e4rit idee, mille kohaselt on selles maailmas midagi valesti, aga me oleme selle vale kenasti omaks [&hellip;]<\/p>\n","protected":false},"author":1,"featured_media":0,"parent":0,"menu_order":0,"comment_status":"closed","ping_status":"closed","template":"","meta":{"footnotes":""},"class_list":["post-1594","page","type-page","status-publish","hentry"],"blocksy_meta":[],"_links":{"self":[{"href":"https:\/\/huxleykeskus.ee\/en\/wp-json\/wp\/v2\/pages\/1594","targetHints":{"allow":["GET"]}}],"collection":[{"href":"https:\/\/huxleykeskus.ee\/en\/wp-json\/wp\/v2\/pages"}],"about":[{"href":"https:\/\/huxleykeskus.ee\/en\/wp-json\/wp\/v2\/types\/page"}],"author":[{"embeddable":true,"href":"https:\/\/huxleykeskus.ee\/en\/wp-json\/wp\/v2\/users\/1"}],"replies":[{"embeddable":true,"href":"https:\/\/huxleykeskus.ee\/en\/wp-json\/wp\/v2\/comments?post=1594"}],"version-history":[{"count":37,"href":"https:\/\/huxleykeskus.ee\/en\/wp-json\/wp\/v2\/pages\/1594\/revisions"}],"predecessor-version":[{"id":2841,"href":"https:\/\/huxleykeskus.ee\/en\/wp-json\/wp\/v2\/pages\/1594\/revisions\/2841"}],"wp:attachment":[{"href":"https:\/\/huxleykeskus.ee\/en\/wp-json\/wp\/v2\/media?parent=1594"}],"curies":[{"name":"wp","href":"https:\/\/api.w.org\/{rel}","templated":true}]}}