{"id":1596,"date":"2024-11-24T12:22:30","date_gmt":"2024-11-24T10:22:30","guid":{"rendered":"https:\/\/huxleykeskus.ee\/?page_id=1596"},"modified":"2024-12-19T20:06:40","modified_gmt":"2024-12-19T18:06:40","slug":"sundmused","status":"publish","type":"page","link":"https:\/\/huxleykeskus.ee\/en\/sundmused\/","title":{"rendered":"Events"},"content":{"rendered":"<div data-elementor-type=\"wp-page\" data-elementor-id=\"1596\" class=\"elementor elementor-1596\">\n\t\t\t\t<div class=\"elementor-element elementor-element-78397b8 e-flex e-con-boxed e-con e-parent\" data-id=\"78397b8\" data-element_type=\"container\" data-e-type=\"container\">\n\t\t\t\t\t<div class=\"e-con-inner\">\n\t\t\t\t<div class=\"elementor-element elementor-element-7e3919e elementor-position-top elementor-widget elementor-widget-image-box\" data-id=\"7e3919e\" data-element_type=\"widget\" data-e-type=\"widget\" data-widget_type=\"image-box.default\">\n\t\t\t\t<div class=\"elementor-widget-container\">\n\t\t\t\t\t<div class=\"elementor-image-box-wrapper\"><figure class=\"elementor-image-box-img\"><img fetchpriority=\"high\" decoding=\"async\" width=\"400\" height=\"400\" src=\"https:\/\/huxleykeskus.ee\/wp-content\/uploads\/2024\/11\/thangkas-red-tibetan-mantra-thangka-th181-28616136687662_400x.webp\" class=\"attachment-full size-full wp-image-1835\" alt=\"\" srcset=\"https:\/\/huxleykeskus.ee\/wp-content\/uploads\/2024\/11\/thangkas-red-tibetan-mantra-thangka-th181-28616136687662_400x.webp 400w, https:\/\/huxleykeskus.ee\/wp-content\/uploads\/2024\/11\/thangkas-red-tibetan-mantra-thangka-th181-28616136687662_400x-300x300.webp 300w, https:\/\/huxleykeskus.ee\/wp-content\/uploads\/2024\/11\/thangkas-red-tibetan-mantra-thangka-th181-28616136687662_400x-150x150.webp 150w\" sizes=\"(max-width: 400px) 100vw, 400px\" \/><\/figure><div class=\"elementor-image-box-content\"><h3 class=\"elementor-image-box-title\">Drukmo Gyal Tibetan Music Evening \u2013 17 January 2025<\/h3><\/div><\/div>\t\t\t\t<\/div>\n\t\t\t\t<\/div>\n\t\t\t\t<div class=\"elementor-element elementor-element-8d54dcb elementor-widget elementor-widget-heading\" data-id=\"8d54dcb\" data-element_type=\"widget\" data-e-type=\"widget\" data-widget_type=\"heading.default\">\n\t\t\t\t<div class=\"elementor-widget-container\">\n\t\t\t\t\t<h4 class=\"elementor-heading-title elementor-size-default\"><h4 class=\"elementor-heading-title elementor-size-default elementor-inline-editing pen\" data-elementor-setting-key=\"title\" data-pen-placeholder=\"Type Here...\" style=\"--theme-font-weight: 700;--theme-font-size: 25px;--theme-line-height: 1.5;font-style: normal;font-weight: var(--theme-font-weight);font-size: var(--theme-font-size);letter-spacing: normal;text-transform: none;margin-block-end: calc(var(--has-theme-content-spacing, 1)*(.3em + 10px))\"><span style=\"font-weight: normal\">One of the goals of the Aldous Huxley Centre is to promote mental health. This begins with quieting noise. In the silence\nthat arrives, the songs of the world-famous Tibetan performer Drukmo Gyal can be heard \u2013 songs that are also mantras.\nAbove all, however, this is enchanting music.  \n <\/span><br><br><span style=\"font-weight: normal\">\nDrukmo Gyal's Tibetan music evening will take place on 17 January at 18:00. <\/span><\/h4><h4 class=\"elementor-heading-title elementor-size-default elementor-inline-editing pen\" data-elementor-setting-key=\"title\" data-pen-placeholder=\"Type Here...\" style=\"--theme-font-weight: 700;--theme-font-size: 25px;--theme-line-height: 1.5;font-style: normal;font-weight: var(--theme-font-weight);font-size: var(--theme-font-size);letter-spacing: normal;text-transform: none;margin-block-end: calc(var(--has-theme-content-spacing, 1)*(.3em + 10px))\"><span style=\"font-size: var(--theme-font-size);font-weight: normal\">Writers' House, Black-Ceiling Hall, Harju 1.  <\/span><\/h4><h4 class=\"elementor-heading-title elementor-size-default elementor-inline-editing pen\" data-elementor-setting-key=\"title\" data-pen-placeholder=\"Type Here...\" style=\"--theme-font-weight: 700;--theme-font-size: 25px;--theme-line-height: 1.5;font-style: normal;font-weight: var(--theme-font-weight);font-size: var(--theme-font-size);letter-spacing: normal;text-transform: none;margin-block-end: calc(var(--has-theme-content-spacing, 1)*(.3em + 10px))\"><span style=\"font-weight: normal\"> <\/span><br><br><span style=\"font-weight: normal\">\nhttps:\/\/www.drukmogyal.com\/<\/span><\/h4><\/h4>\t\t\t\t<\/div>\n\t\t\t\t<\/div>\n\t\t\t\t<div class=\"elementor-element elementor-element-5251d68 elementor-align-center elementor-widget elementor-widget-button\" data-id=\"5251d68\" data-element_type=\"widget\" data-e-type=\"widget\" data-widget_type=\"button.default\">\n\t\t\t\t<div class=\"elementor-widget-container\">\n\t\t\t\t\t\t\t\t\t<div class=\"elementor-button-wrapper\">\n\t\t\t\t\t<a class=\"elementor-button elementor-button-link elementor-size-sm\" href=\"#\">\n\t\t\t\t\t\t<span class=\"elementor-button-content-wrapper\">\n\t\t\t\t\t\t\t\t\t<span class=\"elementor-button-text\">Event in Facebook<\/span>\n\t\t\t\t\t<\/span>\n\t\t\t\t\t<\/a>\n\t\t\t\t<\/div>\n\t\t\t\t\t\t\t\t<\/div>\n\t\t\t\t<\/div>\n\t\t\t\t\t<\/div>\n\t\t\t\t<\/div>\n\t\t<div class=\"elementor-element elementor-element-57bc2ad e-flex e-con-boxed e-con e-parent\" data-id=\"57bc2ad\" data-element_type=\"container\" data-e-type=\"container\">\n\t\t\t\t\t<div class=\"e-con-inner\">\n\t\t\t\t<div class=\"elementor-element elementor-element-98fd331 elementor-position-top elementor-widget elementor-widget-image-box\" data-id=\"98fd331\" data-element_type=\"widget\" data-e-type=\"widget\" data-widget_type=\"image-box.default\">\n\t\t\t\t<div class=\"elementor-widget-container\">\n\t\t\t\t\t<div class=\"elementor-image-box-wrapper\"><figure class=\"elementor-image-box-img\"><img decoding=\"async\" width=\"1276\" height=\"726\" src=\"https:\/\/huxleykeskus.ee\/wp-content\/uploads\/2024\/11\/Screenshot-2024-11-25-at-15.31.20.png\" class=\"attachment-full size-full wp-image-1813\" alt=\"\" srcset=\"https:\/\/huxleykeskus.ee\/wp-content\/uploads\/2024\/11\/Screenshot-2024-11-25-at-15.31.20.png 1276w, https:\/\/huxleykeskus.ee\/wp-content\/uploads\/2024\/11\/Screenshot-2024-11-25-at-15.31.20-300x171.png 300w, https:\/\/huxleykeskus.ee\/wp-content\/uploads\/2024\/11\/Screenshot-2024-11-25-at-15.31.20-1024x583.png 1024w, https:\/\/huxleykeskus.ee\/wp-content\/uploads\/2024\/11\/Screenshot-2024-11-25-at-15.31.20-768x437.png 768w\" sizes=\"(max-width: 1276px) 100vw, 1276px\" \/><\/figure><div class=\"elementor-image-box-content\"><h3 class=\"elementor-image-box-title\"><h3 style=\"--theme-font-weight: 700;--theme-font-size: 30px;--theme-line-height: 1.5;font-style: normal;font-weight: var(--theme-font-weight);font-size: var(--theme-font-size);line-height: var(--theme-line-height);letter-spacing: normal;text-transform: none;margin-block-end: calc(var(--has-theme-content-spacing, 1)*(.3em + 10px))\">Aldous Huxley Conference \"If the Unthinkable Happens\" \u2013 24 May 2024<span style=\"color: var(--theme-heading-color, var(--theme-heading-3-color, var(--theme-headings-color)));font-family: var(--theme-font-family);font-size: var(--theme-font-size);font-style: var(--theme-font-style, inherit);font-weight: var(--theme-font-weight);letter-spacing: var(--theme-letter-spacing);text-transform: var(--theme-text-transform)\"><\/span><\/h3><\/h3><\/div><\/div>\t\t\t\t<\/div>\n\t\t\t\t<\/div>\n\t\t\t\t<div class=\"elementor-element elementor-element-96b6e6a elementor-widget elementor-widget-heading\" data-id=\"96b6e6a\" data-element_type=\"widget\" data-e-type=\"widget\" data-widget_type=\"heading.default\">\n\t\t\t\t<div class=\"elementor-widget-container\">\n\t\t\t\t\t<h4 class=\"elementor-heading-title elementor-size-default\"><span style=\"font-weight: normal\">The conference featured talks by prominent international guests Paul Kingsnorth, Robin Hull, and Ville-Juhani Sutinen.\nOur leading cultural thinker and translator, M\u00e4rt V\u00e4ljataga, represented Estonia.<\/span><br><br><span style=\"font-weight: normal\">\nIn recent years, the world has changed beyond recognition. It can be compared to a chariot racing through crises and\nshocks. Together, we looked for answers: how resilient is this vehicle, and what forces must it withstand? The answers\nconcern us all. Quite a few of Aldous Huxley's views have proven prophetic by now. At the conference, we examined in\ngreater depth the spiritual legacy of one of the 20th century's most mysterious authors, from political, cultural, and\necological perspectives.\nWith a gaze directed forward.<\/span><\/h4>\t\t\t\t<\/div>\n\t\t\t\t<\/div>\n\t\t\t\t<div class=\"elementor-element elementor-element-e9cf3e9 elementor-align-center elementor-widget elementor-widget-button\" data-id=\"e9cf3e9\" data-element_type=\"widget\" data-e-type=\"widget\" data-widget_type=\"button.default\">\n\t\t\t\t<div class=\"elementor-widget-container\">\n\t\t\t\t\t\t\t\t\t<div class=\"elementor-button-wrapper\">\n\t\t\t\t\t<a class=\"elementor-button elementor-button-link elementor-size-sm\" href=\"https:\/\/www.youtube.com\/watch?v=mMrzUGKgIQI\">\n\t\t\t\t\t\t<span class=\"elementor-button-content-wrapper\">\n\t\t\t\t\t\t\t\t\t<span class=\"elementor-button-text\">Recording on YouTube<\/span>\n\t\t\t\t\t<\/span>\n\t\t\t\t\t<\/a>\n\t\t\t\t<\/div>\n\t\t\t\t\t\t\t\t<\/div>\n\t\t\t\t<\/div>\n\t\t\t\t\t<\/div>\n\t\t\t\t<\/div>\n\t\t\t\t<\/div>","protected":false},"excerpt":{"rendered":"<p>Drukmo Gyal\u2019i tiibeti muusika \u00f5htu 17. jaanuar 2025 Aldous Huxley Keskus \u00fcheks eesm\u00e4rgiks on vaimse tervise edendamine. Viimane saab alguse m\u00fcra vaigistamisest. Saabunud vaikuses k\u00f5lavad maailmakuulsa Tiibeti interpreedi Drukmo Gyal\u2019i laulud, mis on \u00fchtlasi mantrad. Ennek\u00f5ike on aga tegu imeilusa muusikaga. Drukmo Gyal\u2019i tiibeti muusika \u00f5htu leiab aset 17. jaanuaril kl 18.00 Kirjanike Maja musta [&hellip;]<\/p>\n","protected":false},"author":1,"featured_media":0,"parent":0,"menu_order":0,"comment_status":"closed","ping_status":"closed","template":"","meta":{"footnotes":""},"class_list":["post-1596","page","type-page","status-publish","hentry"],"blocksy_meta":[],"_links":{"self":[{"href":"https:\/\/huxleykeskus.ee\/en\/wp-json\/wp\/v2\/pages\/1596","targetHints":{"allow":["GET"]}}],"collection":[{"href":"https:\/\/huxleykeskus.ee\/en\/wp-json\/wp\/v2\/pages"}],"about":[{"href":"https:\/\/huxleykeskus.ee\/en\/wp-json\/wp\/v2\/types\/page"}],"author":[{"embeddable":true,"href":"https:\/\/huxleykeskus.ee\/en\/wp-json\/wp\/v2\/users\/1"}],"replies":[{"embeddable":true,"href":"https:\/\/huxleykeskus.ee\/en\/wp-json\/wp\/v2\/comments?post=1596"}],"version-history":[{"count":46,"href":"https:\/\/huxleykeskus.ee\/en\/wp-json\/wp\/v2\/pages\/1596\/revisions"}],"predecessor-version":[{"id":2847,"href":"https:\/\/huxleykeskus.ee\/en\/wp-json\/wp\/v2\/pages\/1596\/revisions\/2847"}],"wp:attachment":[{"href":"https:\/\/huxleykeskus.ee\/en\/wp-json\/wp\/v2\/media?parent=1596"}],"curies":[{"name":"wp","href":"https:\/\/api.w.org\/{rel}","templated":true}]}}