{"id":1624,"date":"2024-11-24T12:27:09","date_gmt":"2024-11-24T10:27:09","guid":{"rendered":"https:\/\/huxleykeskus.ee\/?page_id=1624"},"modified":"2024-12-11T15:40:37","modified_gmt":"2024-12-11T13:40:37","slug":"huxley-keskus","status":"publish","type":"page","link":"https:\/\/huxleykeskus.ee\/en\/huxley-keskus\/","title":{"rendered":"Members"},"content":{"rendered":"<div data-elementor-type=\"wp-page\" data-elementor-id=\"1624\" class=\"elementor elementor-1624\">\n\t\t\t\t<div class=\"elementor-element elementor-element-671d71f e-flex e-con-boxed e-con e-parent\" data-id=\"671d71f\" data-element_type=\"container\" data-e-type=\"container\">\n\t\t\t\t\t<div class=\"e-con-inner\">\n\t\t\t\t<div class=\"elementor-element elementor-element-999e1b9 elementor-widget elementor-widget-heading\" data-id=\"999e1b9\" data-element_type=\"widget\" data-e-type=\"widget\" data-widget_type=\"heading.default\">\n\t\t\t\t<div class=\"elementor-widget-container\">\n\t\t\t\t\t<h2 class=\"elementor-heading-title elementor-size-default\">Aldous Huxley Centre in Tallinn<\/h2>\t\t\t\t<\/div>\n\t\t\t\t<\/div>\n\t\t\t\t\t<\/div>\n\t\t\t\t<\/div>\n\t\t<div class=\"elementor-element elementor-element-3ecb8c4 e-flex e-con-boxed e-con e-parent\" data-id=\"3ecb8c4\" data-element_type=\"container\" data-e-type=\"container\">\n\t\t\t\t\t<div class=\"e-con-inner\">\n\t\t\t\t<div class=\"elementor-element elementor-element-f3da090 elementor-widget elementor-widget-heading\" data-id=\"f3da090\" data-element_type=\"widget\" data-e-type=\"widget\" data-widget_type=\"heading.default\">\n\t\t\t\t<div class=\"elementor-widget-container\">\n\t\t\t\t\t<h4 class=\"elementor-heading-title elementor-size-default\">Aldous Huxley (1894\u20131963)<span style=\"font-weight: normal\"> was one of the most versatile and mysterious authors of the 20th century: a writer,\nphilosopher, sociologist, and an explorer of the boundaries of the mind. Estonian readers associate him with the novels\n<em>Brave New World<\/em> and <em>Island<\/em>, as well as a comparative study of mysticism <em>The Perennial Philosophy<\/em>. One could say\nHuxley \"was ahead of his time\", but in his case, it is more accurate to speak of an ability to connect with different eras,\nincluding the present day.\nAn important part of Huxley's work is tied to a crisis that is becoming a permanent condition in the world of the 21st\ncentury. A crisis is something we do not want, yet there is no reason to fear crises \u2014 fear of tomorrow is the weakest\npossible basis for overcoming or solving anything. A crisis is an opportunity to review one's positions, change what can\nbe changed, and adapt to what cannot. But above all, to wake up \u2014 to force oneself to think.<\/span><br><br>Aldous Huxley centres in Munster and Zurich: <\/h4>\t\t\t\t<\/div>\n\t\t\t\t<\/div>\n\t\t\t\t\t<\/div>\n\t\t\t\t<\/div>\n\t\t<div class=\"elementor-element elementor-element-9f47805 e-flex e-con-boxed e-con e-parent\" data-id=\"9f47805\" data-element_type=\"container\" data-e-type=\"container\">\n\t\t\t\t\t<div class=\"e-con-inner\">\n\t\t\t\t<div class=\"elementor-element elementor-element-596246c elementor-widget elementor-widget-heading\" data-id=\"596246c\" data-element_type=\"widget\" data-e-type=\"widget\" data-widget_type=\"heading.default\">\n\t\t\t\t<div class=\"elementor-widget-container\">\n\t\t\t\t\t<h4 class=\"elementor-heading-title elementor-size-default\"><a href=\"https:\/\/www.uni-muenster.de\/Anglistik\/Huxley\/\"><u>https:\/\/www.uni-muenster.de\/Anglistik\/Huxley\/<\/u><\/a><\/h4>\t\t\t\t<\/div>\n\t\t\t\t<\/div>\n\t\t\t\t\t<\/div>\n\t\t\t\t<\/div>\n\t\t<div class=\"elementor-element elementor-element-1797916 e-flex e-con-boxed e-con e-parent\" data-id=\"1797916\" data-element_type=\"container\" data-e-type=\"container\">\n\t\t\t\t\t<div class=\"e-con-inner\">\n\t\t\t\t<div class=\"elementor-element elementor-element-bc29a2a elementor-widget elementor-widget-heading\" data-id=\"bc29a2a\" data-element_type=\"widget\" data-e-type=\"widget\" data-widget_type=\"heading.default\">\n\t\t\t\t<div class=\"elementor-widget-container\">\n\t\t\t\t\t<h4 class=\"elementor-heading-title elementor-size-default\"><a href=\"https:\/\/www.huxleycentre.ch\/\"><u>https:\/\/www.huxleycentre.ch\/<\/u><\/a><\/h4>\t\t\t\t<\/div>\n\t\t\t\t<\/div>\n\t\t\t\t\t<\/div>\n\t\t\t\t<\/div>\n\t\t\t\t<\/div>","protected":false},"excerpt":{"rendered":"<p>Aldous Huxley Keskus Tallinnas Aldous Huxley (1894\u20131963) oli 20. sajandi \u00fcks mitmek\u00fclgsemaid ja salap\u00e4rasemaid autoreid: kirjanik, filosoof, sotsioloog, vaimsete piiride avardaja. Eestikeelsele lugejale seostub ta romaanidega \u201eHea uus ilm\u201c, \u201eSaar\u201c ning m\u00fcstiliste tsitaatide kogumikuga \u201ePhilosophia perennis\u201c. V\u00f5iks \u00f6elda, et Huxley \u201eoli oma ajast ees\u201c, aga pigem avaldub tema puhul v\u00f5ime olla \u00fchenduses erinevate ajastutega, s.h [&hellip;]<\/p>\n","protected":false},"author":1,"featured_media":0,"parent":0,"menu_order":0,"comment_status":"closed","ping_status":"closed","template":"","meta":{"footnotes":""},"class_list":["post-1624","page","type-page","status-publish","hentry"],"blocksy_meta":[],"_links":{"self":[{"href":"https:\/\/huxleykeskus.ee\/en\/wp-json\/wp\/v2\/pages\/1624","targetHints":{"allow":["GET"]}}],"collection":[{"href":"https:\/\/huxleykeskus.ee\/en\/wp-json\/wp\/v2\/pages"}],"about":[{"href":"https:\/\/huxleykeskus.ee\/en\/wp-json\/wp\/v2\/types\/page"}],"author":[{"embeddable":true,"href":"https:\/\/huxleykeskus.ee\/en\/wp-json\/wp\/v2\/users\/1"}],"replies":[{"embeddable":true,"href":"https:\/\/huxleykeskus.ee\/en\/wp-json\/wp\/v2\/comments?post=1624"}],"version-history":[{"count":55,"href":"https:\/\/huxleykeskus.ee\/en\/wp-json\/wp\/v2\/pages\/1624\/revisions"}],"predecessor-version":[{"id":2704,"href":"https:\/\/huxleykeskus.ee\/en\/wp-json\/wp\/v2\/pages\/1624\/revisions\/2704"}],"wp:attachment":[{"href":"https:\/\/huxleykeskus.ee\/en\/wp-json\/wp\/v2\/media?parent=1624"}],"curies":[{"name":"wp","href":"https:\/\/api.w.org\/{rel}","templated":true}]}}