{"id":1870,"date":"2024-12-02T12:44:38","date_gmt":"2024-12-02T10:44:38","guid":{"rendered":"https:\/\/huxleykeskus.ee\/?page_id=1870"},"modified":"2024-12-03T14:47:02","modified_gmt":"2024-12-03T12:47:02","slug":"noored","status":"publish","type":"page","link":"https:\/\/huxleykeskus.ee\/en\/noored\/","title":{"rendered":"Youth"},"content":{"rendered":"<div data-elementor-type=\"wp-page\" data-elementor-id=\"1870\" class=\"elementor elementor-1870\">\n\t\t\t\t<div class=\"elementor-element elementor-element-25cab2e e-flex e-con-boxed e-con e-parent\" data-id=\"25cab2e\" data-element_type=\"container\">\n\t\t\t\t\t<div class=\"e-con-inner\">\n\t\t<div class=\"elementor-element elementor-element-2af2671 e-con-full e-flex e-con e-child\" data-id=\"2af2671\" data-element_type=\"container\">\n\t\t\t\t<div class=\"elementor-element elementor-element-0fa7b02 elementor-widget elementor-widget-heading\" data-id=\"0fa7b02\" data-element_type=\"widget\" data-widget_type=\"heading.default\">\n\t\t\t\t<div class=\"elementor-widget-container\">\n\t\t\t\t\t<h2 class=\"elementor-heading-title elementor-size-default\">\"Writing a bad book takes exactly as much effort as writing a good book; the author puts a piece of their soul into it as\nwell.\"<br><br><br>\n\u201cPoint Counter Point\u201d,1928<\/h2>\t\t\t\t<\/div>\n\t\t\t\t<\/div>\n\t\t\t\t<\/div>\n\t\t<div class=\"elementor-element elementor-element-07d1ce1 e-con-full e-flex e-con e-child\" data-id=\"07d1ce1\" data-element_type=\"container\">\n\t\t\t\t<div class=\"elementor-element elementor-element-ec3658d elementor-widget elementor-widget-image\" data-id=\"ec3658d\" data-element_type=\"widget\" data-widget_type=\"image.default\">\n\t\t\t\t<div class=\"elementor-widget-container\">\n\t\t\t\t\t\t\t\t\t\t\t\t\t\t\t<img fetchpriority=\"high\" decoding=\"async\" width=\"300\" height=\"199\" src=\"https:\/\/huxleykeskus.ee\/wp-content\/uploads\/2024\/11\/FreeSample-Vectorizer-io-hand-writing-with-feather-pen-ink-vintage-paper-scroll-illustrat-300x199.png\" class=\"attachment-medium size-medium wp-image-1773\" alt=\"\" srcset=\"https:\/\/huxleykeskus.ee\/wp-content\/uploads\/2024\/11\/FreeSample-Vectorizer-io-hand-writing-with-feather-pen-ink-vintage-paper-scroll-illustrat-300x199.png 300w, https:\/\/huxleykeskus.ee\/wp-content\/uploads\/2024\/11\/FreeSample-Vectorizer-io-hand-writing-with-feather-pen-ink-vintage-paper-scroll-illustrat-1024x679.png 1024w, https:\/\/huxleykeskus.ee\/wp-content\/uploads\/2024\/11\/FreeSample-Vectorizer-io-hand-writing-with-feather-pen-ink-vintage-paper-scroll-illustrat-768x509.png 768w, https:\/\/huxleykeskus.ee\/wp-content\/uploads\/2024\/11\/FreeSample-Vectorizer-io-hand-writing-with-feather-pen-ink-vintage-paper-scroll-illustrat-1536x1018.png 1536w, https:\/\/huxleykeskus.ee\/wp-content\/uploads\/2024\/11\/FreeSample-Vectorizer-io-hand-writing-with-feather-pen-ink-vintage-paper-scroll-illustrat-2048x1357.png 2048w\" sizes=\"(max-width: 300px) 100vw, 300px\" \/>\t\t\t\t\t\t\t\t\t\t\t\t\t\t\t<\/div>\n\t\t\t\t<\/div>\n\t\t\t\t<\/div>\n\t\t\t\t\t<\/div>\n\t\t\t\t<\/div>\n\t\t\t\t<\/div>","protected":false},"excerpt":{"rendered":"<p>\u201cHalva raamatu kirjutamine n\u00f5uab t\u00e4pselt sama palju vaeva nagu hea raamatu kirjutamine, ka sellesse paneb autor t\u00fckikese hingest.\u201d \u201cPoint Counter Point\u201d,1928<\/p>","protected":false},"author":1,"featured_media":0,"parent":0,"menu_order":0,"comment_status":"closed","ping_status":"closed","template":"","meta":{"footnotes":""},"class_list":["post-1870","page","type-page","status-publish","hentry"],"blocksy_meta":[],"_links":{"self":[{"href":"https:\/\/huxleykeskus.ee\/en\/wp-json\/wp\/v2\/pages\/1870","targetHints":{"allow":["GET"]}}],"collection":[{"href":"https:\/\/huxleykeskus.ee\/en\/wp-json\/wp\/v2\/pages"}],"about":[{"href":"https:\/\/huxleykeskus.ee\/en\/wp-json\/wp\/v2\/types\/page"}],"author":[{"embeddable":true,"href":"https:\/\/huxleykeskus.ee\/en\/wp-json\/wp\/v2\/users\/1"}],"replies":[{"embeddable":true,"href":"https:\/\/huxleykeskus.ee\/en\/wp-json\/wp\/v2\/comments?post=1870"}],"version-history":[{"count":12,"href":"https:\/\/huxleykeskus.ee\/en\/wp-json\/wp\/v2\/pages\/1870\/revisions"}],"predecessor-version":[{"id":2139,"href":"https:\/\/huxleykeskus.ee\/en\/wp-json\/wp\/v2\/pages\/1870\/revisions\/2139"}],"wp:attachment":[{"href":"https:\/\/huxleykeskus.ee\/en\/wp-json\/wp\/v2\/media?parent=1870"}],"curies":[{"name":"wp","href":"https:\/\/api.w.org\/{rel}","templated":true}]}}