{"id":2140,"date":"2024-12-03T14:48:15","date_gmt":"2024-12-03T12:48:15","guid":{"rendered":"https:\/\/huxleykeskus.ee\/?page_id=2140"},"modified":"2026-02-20T16:38:11","modified_gmt":"2026-02-20T14:38:11","slug":"noorte-esseekonkurs","status":"publish","type":"page","link":"https:\/\/huxleykeskus.ee\/en\/noorte-esseekonkurs\/","title":{"rendered":"Noorte esseekonkurs"},"content":{"rendered":"<div data-elementor-type=\"wp-page\" data-elementor-id=\"2140\" class=\"elementor elementor-2140\">\n\t\t\t\t<div class=\"elementor-element elementor-element-cb874ad e-flex e-con-boxed e-con e-parent\" data-id=\"cb874ad\" data-element_type=\"container\" data-e-type=\"container\">\n\t\t\t\t\t<div class=\"e-con-inner\">\n\t\t<div class=\"elementor-element elementor-element-23e7ff0 e-con-full e-flex e-con e-child\" data-id=\"23e7ff0\" data-element_type=\"container\" data-e-type=\"container\">\n\t\t\t\t<div class=\"elementor-element elementor-element-4f38615 elementor-widget elementor-widget-heading\" data-id=\"4f38615\" data-element_type=\"widget\" data-e-type=\"widget\" data-widget_type=\"heading.default\">\n\t\t\t\t<div class=\"elementor-widget-container\">\n\t\t\t\t\t<h3 class=\"elementor-heading-title elementor-size-default\"><span style=\"font-weight: normal\"><i>\"Writing a bad book takes exactly as much effort as writing a good book; the author puts a piece of their soul into it as\nwell.\"\n<\/i>\n<br><br>\n<\/span><b>\u201cPoint Counter Point\u201d, 1928<\/b><\/h3>\t\t\t\t<\/div>\n\t\t\t\t<\/div>\n\t\t\t\t<\/div>\n\t\t\t\t<div class=\"elementor-element elementor-element-720ff8b elementor-widget__width-initial elementor-widget elementor-widget-image\" data-id=\"720ff8b\" data-element_type=\"widget\" data-e-type=\"widget\" data-widget_type=\"image.default\">\n\t\t\t\t<div class=\"elementor-widget-container\">\n\t\t\t\t\t\t\t\t\t\t\t\t\t\t\t<img fetchpriority=\"high\" decoding=\"async\" width=\"1024\" height=\"683\" src=\"https:\/\/huxleykeskus.ee\/wp-content\/uploads\/2024\/12\/IMG_9494-1024x683.jpg\" class=\"attachment-large size-large wp-image-2525\" alt=\"\" srcset=\"https:\/\/huxleykeskus.ee\/wp-content\/uploads\/2024\/12\/IMG_9494-1024x683.jpg 1024w, https:\/\/huxleykeskus.ee\/wp-content\/uploads\/2024\/12\/IMG_9494-300x200.jpg 300w, https:\/\/huxleykeskus.ee\/wp-content\/uploads\/2024\/12\/IMG_9494-768x512.jpg 768w, https:\/\/huxleykeskus.ee\/wp-content\/uploads\/2024\/12\/IMG_9494-1536x1024.jpg 1536w, https:\/\/huxleykeskus.ee\/wp-content\/uploads\/2024\/12\/IMG_9494-2048x1365.jpg 2048w\" sizes=\"(max-width: 1024px) 100vw, 1024px\" \/>\t\t\t\t\t\t\t\t\t\t\t\t\t\t\t<\/div>\n\t\t\t\t<\/div>\n\t\t\t\t\t<\/div>\n\t\t\t\t<\/div>\n\t\t<div class=\"elementor-element elementor-element-4bfdaec e-flex e-con-boxed e-con e-parent\" data-id=\"4bfdaec\" data-element_type=\"container\" data-e-type=\"container\">\n\t\t\t\t\t<div class=\"e-con-inner\">\n\t\t\t\t<div class=\"elementor-element elementor-element-82b1ff9 elementor-widget elementor-widget-heading\" data-id=\"82b1ff9\" data-element_type=\"widget\" data-e-type=\"widget\" data-widget_type=\"heading.default\">\n\t\t\t\t<div class=\"elementor-widget-container\">\n\t\t\t\t\t<h2 class=\"elementor-heading-title elementor-size-default\"><br><br>Youth Essay Competition 2025<\/h2>\t\t\t\t<\/div>\n\t\t\t\t<\/div>\n\t\t\t\t\t<\/div>\n\t\t\t\t<\/div>\n\t\t<div class=\"elementor-element elementor-element-f2b15a8 e-flex e-con-boxed e-con e-parent\" data-id=\"f2b15a8\" data-element_type=\"container\" data-e-type=\"container\">\n\t\t\t\t\t<div class=\"e-con-inner\">\n\t\t\t\t<div class=\"elementor-element elementor-element-1797ddf elementor-widget elementor-widget-heading\" data-id=\"1797ddf\" data-element_type=\"widget\" data-e-type=\"widget\" data-widget_type=\"heading.default\">\n\t\t\t\t<div class=\"elementor-widget-container\">\n\t\t\t\t\t<h4 class=\"elementor-heading-title elementor-size-default\"><span style=\"font-weight: normal\">The International Aldous Huxley Centre in Tallinn invites young people up to the age of 25 to submit their thoughts and\ninsights to the essay competition \"Crisis and a Way Out.\"\n<\/span><br><br><span style=\"font-weight: normal\">\n<em>\"The fundamental problem of the 21st century is ecological.\"<\/em>\n<em>\u2014 Aldous Huxley<\/em><\/span><br><br><span style=\"font-weight: normal\">\nHuxley's work can be a starting point for writing \u2013 for setting out on a path and putting into words what feels important in\ntoday's and tomorrow's world.\n<\/span><br><br><span style=\"font-weight: normal\">\nAldous Huxley (1894\u20131963) was one of the most versatile authors of the 20th century. He is usually seen as a representative of utopian and dystopian genres; he is less often analysed from the perspective of nature and ecology. Yet in Island (Saar), written at a time when ecological awareness was lower than it is today, Huxley wrote prophetic words: <em>\"One must never let a child get the impression that anything exists in isolation. From the very beginning, it must be made clear that all living nature is interconnected. Show them the relationships and connections in the forest, in the fields, in ponds and rivers, in the village and in the countryside around it. Rub it in... We are allowed to live on this planet only so long as we treat all nature with compassion and with intelligence.\"<\/em>\n<\/span><br><br><span style=\"font-weight: normal\">\n<\/span>The deadline is 31 March 2025;<span style=\"font-weight: normal\"> please send essays to huxley@ebs.ee. Texts up to 2,000 words are welcome, and the\nwinner will be awarded EUR 1,500.\n<\/span><\/h4>\t\t\t\t<\/div>\n\t\t\t\t<\/div>\n\t\t\t\t\t<\/div>\n\t\t\t\t<\/div>\n\t\t<div class=\"elementor-element elementor-element-ef27833 e-flex e-con-boxed e-con e-parent\" data-id=\"ef27833\" data-element_type=\"container\" data-e-type=\"container\">\n\t\t\t\t\t<div class=\"e-con-inner\">\n\t\t\t\t<div class=\"elementor-element elementor-element-3afb8f1 elementor-widget elementor-widget-heading\" data-id=\"3afb8f1\" data-element_type=\"widget\" data-e-type=\"widget\" data-widget_type=\"heading.default\">\n\t\t\t\t<div class=\"elementor-widget-container\">\n\t\t\t\t\t<h2 class=\"elementor-heading-title elementor-size-default\"><br><br>Youth Essay Competition 2024<\/h2>\t\t\t\t<\/div>\n\t\t\t\t<\/div>\n\t\t\t\t\t<\/div>\n\t\t\t\t<\/div>\n\t\t<div class=\"elementor-element elementor-element-4dd7049 e-flex e-con-boxed e-con e-parent\" data-id=\"4dd7049\" data-element_type=\"container\" data-e-type=\"container\">\n\t\t\t\t\t<div class=\"e-con-inner\">\n\t\t\t\t<div class=\"elementor-element elementor-element-1d65b80 elementor-widget elementor-widget-heading\" data-id=\"1d65b80\" data-element_type=\"widget\" data-e-type=\"widget\" data-widget_type=\"heading.default\">\n\t\t\t\t<div class=\"elementor-widget-container\">\n\t\t\t\t\t<h4 class=\"elementor-heading-title elementor-size-default\"><span style=\"font-weight: normal\"> \n<\/span><br><span style=\"font-weight: normal\">\nThe Aldous Huxley Centre invited young people up to the age of 25 to submit their thoughts and insights to the essay\ncompetition <\/span>\"My Huxley.\" <span style=\"font-weight: normal\">\n<\/span><br><br><span style=\"font-weight: normal\">\nEssays were written about different facets of Huxley\u2019s work: Huxley as a prose writer, as a social critic, as a seeker of religious common ground. Huxley\u2019s work also served as a starting point for setting out on a path and articulating what feels important in today\u2019s and tomorrow\u2019s world. \n<\/span><br><br><span style=\"font-weight: normal\">\nNominees:\n<\/span><br><br><span style=\"font-weight: normal\">\nAugust Miikael Vooglaid \u2014 \u201cI Am a Stranger on Earth\u201d\n<\/span><br><br><span style=\"font-weight: normal\">\nKertu K\u00e4ndla \u2014 \u201cMy Huxley\u201d\n<\/span><br><br><span style=\"font-weight: normal\">\nKatrinka Josephine Saviauk \u2014 \u201cThe Face of Humanity\u2019s Vices: Conscious and Unconscious Propaganda\u201d\n<\/span><br><br><span style=\"font-weight: normal\">\nLore Karilaid \u2014 \u201cMy Huxley\u201d\n<\/span><br><br><span style=\"font-weight: normal\">\nKaur Kirsim\u00e4e \u2014 \u201cScience and the Human Being\u201d\n<\/span><br><br><span style=\"font-weight: normal\">\nMait Filipozzi \u2014 \u201cMy Huxley\u201d\n<\/span><br><br><span style=\"font-weight: normal\">\n<\/span>The laureate was Evelin Hermak\u00fcla with the essay \u201cThoughts on the Crisis of Nature\u2019s Meaning.\u201d<\/h4>\t\t\t\t<\/div>\n\t\t\t\t<\/div>\n\t\t\t\t\t<\/div>\n\t\t\t\t<\/div>\n\t\t\t\t<\/div>","protected":false},"excerpt":{"rendered":"<p>\u201cHalva raamatu kirjutamine n\u00f5uab t\u00e4pselt sama palju vaeva nagu hea raamatu kirjutamine, ka sellesse paneb autor t\u00fckikese hingest.\u201d \u201cPoint Counter Point\u201d, 1928 Noorte esseekonkurs 2025 Rahvusvaheline Aldous Huxley Keskus Tallinnas kutsub kuni 25-aastaseid noori saatma oma m\u00f6tteid ja \u00e4ratundmisi esseekonkursile &#8220;Kriis ja v\u00e4ljap\u00e4as&#8221; \u201e21.sajandi p\u00f5hiprobleem on \u00f6koloogiline.&#8221; Aldous Huxley Huxley looming v\u00f5ib olla kirjutamise l\u00e4htepunktiks, [&hellip;]<\/p>\n","protected":false},"author":1,"featured_media":0,"parent":0,"menu_order":0,"comment_status":"closed","ping_status":"closed","template":"","meta":{"footnotes":""},"class_list":["post-2140","page","type-page","status-publish","hentry"],"blocksy_meta":[],"_links":{"self":[{"href":"https:\/\/huxleykeskus.ee\/en\/wp-json\/wp\/v2\/pages\/2140","targetHints":{"allow":["GET"]}}],"collection":[{"href":"https:\/\/huxleykeskus.ee\/en\/wp-json\/wp\/v2\/pages"}],"about":[{"href":"https:\/\/huxleykeskus.ee\/en\/wp-json\/wp\/v2\/types\/page"}],"author":[{"embeddable":true,"href":"https:\/\/huxleykeskus.ee\/en\/wp-json\/wp\/v2\/users\/1"}],"replies":[{"embeddable":true,"href":"https:\/\/huxleykeskus.ee\/en\/wp-json\/wp\/v2\/comments?post=2140"}],"version-history":[{"count":71,"href":"https:\/\/huxleykeskus.ee\/en\/wp-json\/wp\/v2\/pages\/2140\/revisions"}],"predecessor-version":[{"id":2942,"href":"https:\/\/huxleykeskus.ee\/en\/wp-json\/wp\/v2\/pages\/2140\/revisions\/2942"}],"wp:attachment":[{"href":"https:\/\/huxleykeskus.ee\/en\/wp-json\/wp\/v2\/media?parent=2140"}],"curies":[{"name":"wp","href":"https:\/\/api.w.org\/{rel}","templated":true}]}}